{"id":14,"date":"2017-02-28T14:22:21","date_gmt":"2017-02-28T14:22:21","guid":{"rendered":"https:\/\/www.geoticino.ch\/newSite\/wordpress\/?page_id=14"},"modified":"2024-06-26T13:00:55","modified_gmt":"2024-06-26T13:00:55","slug":"chi-siamo","status":"publish","type":"page","link":"https:\/\/www.geoticino.ch\/?page_id=14","title":{"rendered":"Chi siamo"},"content":{"rendered":"<div class=\"fusion-fullwidth fullwidth-box fusion-builder-row-1 nonhundred-percent-fullwidth non-hundred-percent-height-scrolling\" style=\"--awb-border-radius-top-left:0px;--awb-border-radius-top-right:0px;--awb-border-radius-bottom-right:0px;--awb-border-radius-bottom-left:0px;--awb-padding-top:20px;--awb-padding-bottom:20px;--awb-flex-wrap:wrap;\" ><div class=\"fusion-builder-row fusion-row\"><div class=\"fusion-layout-column fusion_builder_column fusion-builder-column-0 fusion_builder_column_1_2 1_2 fusion-one-half fusion-column-first\" style=\"--awb-bg-blend:overlay;--awb-bg-size:cover;width:50%;width:calc(50% - ( ( 4% ) * 0.5 ) );margin-right: 4%;\"><div class=\"fusion-column-wrapper fusion-flex-column-wrapper-legacy\"><div class=\"fusion-text fusion-text-1\"><h3 class=\"fusion-responsive-typography-calculated\" style=\"--fontsize: 26; line-height: 1.2; --minfontsize: 26;\" data-fontsize=\"26\" data-lineheight=\"31.2px\">Struttura societaria e scopo<strong><br \/>\n<\/strong><\/h3>\n<p><span style=\"background-color: rgba(255, 255, 255, 0); color: var(--body_typography-color); font-family: var(--body_typography-font-family); font-size: var(--body_typography-font-size); font-style: var(--body_typography-font-style,normal); font-weight: var(--body_typography-font-weight); letter-spacing: var(--body_typography-letter-spacing);\">geoticino SA \u00e8 stata creata nel 2000 dall\u2019unione collaborativa di 12 studi d\u2019ingegneri geometri. Nel 2020 l\u2019azionariato della societ\u00e0 \u00e8 passato dai singoli geometri revisori all\u2019associazione professionale che li raggruppa, ovvero <\/span><a style=\"background-color: rgba(255, 255, 255, 0); font-family: var(--body_typography-font-family); font-size: var(--body_typography-font-size); font-style: var(--body_typography-font-style,normal); font-weight: var(--body_typography-font-weight); letter-spacing: var(--body_typography-letter-spacing);\" href=\"https:\/\/www.igs-ch.ch\/\" target=\"_blank\" rel=\"noopener noreferrer\">IGS &#8211; Sezione Ticino<\/a><span style=\"background-color: rgba(255, 255, 255, 0); color: var(--body_typography-color); font-family: var(--body_typography-font-family); font-size: var(--body_typography-font-size); font-style: var(--body_typography-font-style,normal); font-weight: var(--body_typography-font-weight); letter-spacing: var(--body_typography-letter-spacing);\">.<\/span><\/p>\n<p>geoticino SA ha per scopo la raccolta, l\u2019acquisizione, il completamento, l\u2019integrazione, l\u2019elaborazione, la gestione e la diffusione d\u2019ogni tipo di dati a relazione spaziale che caratterizzano e descrivono il territorio, cos\u00ec come lo sviluppo di banche dati e la fornitura a terzi di servizi destinati alla valorizzazione e gestione di questo tipo di dati.<\/p>\n<h3 class=\"fusion-responsive-typography-calculated\" style=\"--fontsize: 26; line-height: 1.2; --minfontsize: 26;\" data-fontsize=\"26\" data-lineheight=\"31.2px\">Struttura operativa<strong><br \/>\n<\/strong><\/h3>\n<p>geoticino SA non ha una struttura operativa propria e fa capo alla collaborazione degli studi dei geometri revisori che gestiscono la Misurazione ufficiale (catasto) in Ticino. Inoltre, un\u2019azienda esterna garantisce il necessario supporto informatico (sviluppo, gestione e manutenzione software).<\/p>\n<\/div><div class=\"fusion-clearfix\"><\/div><\/div><\/div><div class=\"fusion-layout-column fusion_builder_column fusion-builder-column-1 fusion_builder_column_1_2 1_2 fusion-one-half fusion-column-last\" style=\"--awb-bg-blend:overlay;--awb-bg-size:cover;width:50%;width:calc(50% - ( ( 4% ) * 0.5 ) );\"><div class=\"fusion-column-wrapper fusion-flex-column-wrapper-legacy\"><div class=\"fusion-text fusion-text-2\"><h3 class=\"fusion-responsive-typography-calculated\" style=\"--fontsize: 26; line-height: 1.2; --minfontsize: 26;\" data-fontsize=\"26\" data-lineheight=\"31.2px\"><span style=\"font-family: var(--h3_typography-font-family); font-style: var(--h3_typography-font-style,normal); letter-spacing: var(--h3_typography-letter-spacing); color: var(--h3_typography-color); font-size: var(--h3_typography-font-size); font-weight: var(--h3_typography-font-weight); text-transform: var(--h3_typography-text-transform); background-color: rgba(255, 255, 255, 0);\">Le nostre prestazioni<\/span><\/h3>\n<p>A seguito della decisione del Cantone Ticino di offrire una piattaforma gratuita per l\u2019ottenimento dei dati geometrici della Misurazione ufficiale a partire dal 2023 (politica \u201copen data\u201d), geoticino SA ha ridimensionato sensibilmente la sua attivit\u00e0. Attualmente, ci limitiamo ad offrire la possibilit\u00e0 di consultare ed ordinare online i registri dei fondi del Canton Ticino, un servizio che non \u00e8 ancora fornito dal Servizio cantonale competente (Sezione del registro fondiario).<\/p>\n<h3 class=\"fusion-responsive-typography-calculated\" style=\"--fontsize: 26; line-height: 1.2; --minfontsize: 26;\" data-fontsize=\"26\" data-lineheight=\"31.2px\">Mercato e clientela<\/h3>\n<p>Fra i nostri clienti figurano: architetti, pianificatori, fiduciarie, operatori immobiliari, enti pubblici, aziende industriali, aziende di telecomunicazioni.<\/p>\n<\/div><div class=\"fusion-clearfix\"><\/div><\/div><\/div><div class=\"fusion-layout-column fusion_builder_column fusion-builder-column-2 fusion_builder_column_1_2 1_2 fusion-one-half fusion-column-first\" style=\"--awb-bg-blend:overlay;--awb-bg-size:cover;width:50%;width:calc(50% - ( ( 4% ) * 0.5 ) );margin-right: 4%;\"><div class=\"fusion-column-wrapper fusion-flex-column-wrapper-legacy\"><div class=\"fusion-text fusion-text-3\"><\/div><div class=\"fusion-text fusion-text-4\"><\/div><div class=\"fusion-clearfix\"><\/div><\/div><\/div><div class=\"fusion-layout-column fusion_builder_column fusion-builder-column-3 fusion_builder_column_1_2 1_2 fusion-one-half fusion-column-last\" style=\"--awb-bg-blend:overlay;--awb-bg-size:cover;width:50%;width:calc(50% - ( ( 4% ) * 0.5 ) );\"><div class=\"fusion-column-wrapper fusion-flex-column-wrapper-legacy\"><div class=\"fusion-text fusion-text-5\"><\/div><div class=\"fusion-text fusion-text-6\"><\/div><div class=\"fusion-clearfix\"><\/div><\/div><\/div><\/div><\/div>\n","protected":false},"excerpt":{"rendered":"","protected":false},"author":2,"featured_media":0,"parent":0,"menu_order":0,"comment_status":"closed","ping_status":"closed","template":"","meta":{"footnotes":""},"class_list":["post-14","page","type-page","status-publish","hentry"],"_links":{"self":[{"href":"https:\/\/www.geoticino.ch\/index.php?rest_route=\/wp\/v2\/pages\/14","targetHints":{"allow":["GET"]}}],"collection":[{"href":"https:\/\/www.geoticino.ch\/index.php?rest_route=\/wp\/v2\/pages"}],"about":[{"href":"https:\/\/www.geoticino.ch\/index.php?rest_route=\/wp\/v2\/types\/page"}],"author":[{"embeddable":true,"href":"https:\/\/www.geoticino.ch\/index.php?rest_route=\/wp\/v2\/users\/2"}],"replies":[{"embeddable":true,"href":"https:\/\/www.geoticino.ch\/index.php?rest_route=%2Fwp%2Fv2%2Fcomments&post=14"}],"version-history":[{"count":5,"href":"https:\/\/www.geoticino.ch\/index.php?rest_route=\/wp\/v2\/pages\/14\/revisions"}],"predecessor-version":[{"id":554,"href":"https:\/\/www.geoticino.ch\/index.php?rest_route=\/wp\/v2\/pages\/14\/revisions\/554"}],"wp:attachment":[{"href":"https:\/\/www.geoticino.ch\/index.php?rest_route=%2Fwp%2Fv2%2Fmedia&parent=14"}],"curies":[{"name":"wp","href":"https:\/\/api.w.org\/{rel}","templated":true}]}}