{"id":4,"date":"2017-02-28T13:58:19","date_gmt":"2017-02-28T13:58:19","guid":{"rendered":"https:\/\/www.geoticino.ch\/newSite\/wordpress\/?page_id=4"},"modified":"2023-02-14T08:56:09","modified_gmt":"2023-02-14T08:56:09","slug":"tariffario","status":"publish","type":"page","link":"https:\/\/www.geoticino.ch\/?page_id=4","title":{"rendered":"Tariffario"},"content":{"rendered":"<p><div class=\"fusion-fullwidth fullwidth-box fusion-builder-row-1 fusion-flex-container has-pattern-background has-mask-background nonhundred-percent-fullwidth non-hundred-percent-height-scrolling\" style=\"--awb-border-radius-top-left:0px;--awb-border-radius-top-right:0px;--awb-border-radius-bottom-right:0px;--awb-border-radius-bottom-left:0px;--awb-flex-wrap:wrap;\" ><div class=\"fusion-builder-row fusion-row fusion-flex-align-items-flex-start fusion-flex-content-wrap\" style=\"max-width:1144px;margin-left: calc(-4% \/ 2 );margin-right: calc(-4% \/ 2 );\"><div class=\"fusion-layout-column fusion_builder_column fusion-builder-column-0 fusion_builder_column_1_1 1_1 fusion-flex-column\" style=\"--awb-bg-size:cover;--awb-width-large:100%;--awb-margin-top-large:0px;--awb-spacing-right-large:1.92%;--awb-margin-bottom-large:20px;--awb-spacing-left-large:1.92%;--awb-width-medium:100%;--awb-spacing-right-medium:1.92%;--awb-spacing-left-medium:1.92%;--awb-width-small:100%;--awb-spacing-right-small:1.92%;--awb-spacing-left-small:1.92%;\"><div class=\"fusion-column-wrapper fusion-flex-justify-content-flex-start fusion-content-layout-column\"><div class=\"fusion-text fusion-text-1\"><h2 class=\"fusion-responsive-typography-calculated\" style=\"--fontsize: 34; line-height: 1.2;\" data-fontsize=\"34\" data-lineheight=\"40.8px\">Estratti dal Registro dei fondi<\/h2>\n<p>Scarica un esempio di Registro dei fondi <div class=\"fusion-image-element in-legacy-container\" style=\"--awb-caption-title-font-family:var(--h2_typography-font-family);--awb-caption-title-font-weight:var(--h2_typography-font-weight);--awb-caption-title-font-style:var(--h2_typography-font-style);--awb-caption-title-size:var(--h2_typography-font-size);--awb-caption-title-transform:var(--h2_typography-text-transform);--awb-caption-title-line-height:var(--h2_typography-line-height);--awb-caption-title-letter-spacing:var(--h2_typography-letter-spacing);\"><span class=\" fusion-imageframe imageframe-none imageframe-1 hover-type-none\"><a class=\"fusion-no-lightbox\" href=\"https:\/\/www.geoticino.ch\/wp-content\/uploads\/2020\/08\/esempio_estratto_RF.pdf\" target=\"_blank\" aria-label=\"pdf-e1490971302752\" rel=\"noopener noreferrer\"><img decoding=\"async\" width=\"25\" height=\"25\" src=\"https:\/\/www.geoticino.ch\/wp-content\/uploads\/2017\/02\/pdf-e1490971302752.gif\" alt class=\"img-responsive wp-image-305\"\/><\/a><\/span><\/div><\/p>\n<\/div><\/div><\/div><div class=\"fusion-layout-column fusion_builder_column fusion-builder-column-1 fusion_builder_column_1_2 1_2 fusion-flex-column\" style=\"--awb-bg-size:cover;--awb-width-large:50%;--awb-margin-top-large:0px;--awb-spacing-right-large:3.84%;--awb-margin-bottom-large:20px;--awb-spacing-left-large:3.84%;--awb-width-medium:100%;--awb-spacing-right-medium:1.92%;--awb-spacing-left-medium:1.92%;--awb-width-small:100%;--awb-spacing-right-small:1.92%;--awb-spacing-left-small:1.92%;\"><div class=\"fusion-column-wrapper fusion-flex-justify-content-flex-start fusion-content-layout-column\"><div class=\"fusion-text fusion-text-2\"><h2 class=\"fusion-responsive-typography-calculated\" style=\"--fontsize: 34; line-height: 1.2;\" data-fontsize=\"34\" data-lineheight=\"40.8px\"><strong style=\"background-color: rgba(255, 255, 255, 0); color: var(--body_typography-color); font-family: var(--body_typography-font-family); font-size: var(--body_typography-font-size); font-style: var(--body_typography-font-style,normal); letter-spacing: var(--body_typography-letter-spacing);\">Opzione 1 \u2013 utenti occasionali<\/strong><\/h2>\n<p>Riservata all\u2019utenza privata e professionale con richieste saltuarie. Per questa utenza l\u2019accesso \u00e8 libero e non necessita la registrazione. Il costo per la singola informazione, relativa ad un fondo o ad una quota di propriet\u00e0 per piani (PPP), \u00e8 fissato a <br \/><b>CHF 15<\/b> (IVA esclusa), con possibilit\u00e0 di scaricare il documento in formato PDF. \u00c8 anche possibile ottenere con una sola ordinazione gli estratti di tutte le quote di PPP situate su un determinato fondo base; in questo caso vengono conteggiati automaticamente tanti estratti quante sono le quote, pi\u00f9 uno per il fondo base. Il pagamento \u00e8 possibile tramite carte di credito o TWINT.<\/p>\n<\/div><\/div><\/div><div class=\"fusion-layout-column fusion_builder_column fusion-builder-column-2 fusion_builder_column_1_2 1_2 fusion-flex-column\" style=\"--awb-bg-size:cover;--awb-width-large:50%;--awb-margin-top-large:0px;--awb-spacing-right-large:3.84%;--awb-margin-bottom-large:20px;--awb-spacing-left-large:3.84%;--awb-width-medium:100%;--awb-spacing-right-medium:1.92%;--awb-spacing-left-medium:1.92%;--awb-width-small:100%;--awb-spacing-right-small:1.92%;--awb-spacing-left-small:1.92%;\"><div class=\"fusion-column-wrapper fusion-flex-justify-content-flex-start fusion-content-layout-column\"><div class=\"fusion-text fusion-text-3\"><h2 data-fontsize=\"34\" style=\"--fontSize:34; line-height: 1.2;\" data-lineheight=\"40.8px\" class=\"fusion-responsive-typography-calculated\"><strong style=\"background-color: rgba(255, 255, 255, 0); color: var(--body_typography-color); font-family: var(--body_typography-font-family); font-size: var(--body_typography-font-size); font-style: var(--body_typography-font-style,normal); letter-spacing: var(--body_typography-letter-spacing);\">Opzione 2 \u2013 abbonati<\/strong><br \/><\/h2>\n<p>Per un uso pi\u00f9 frequente, si pu\u00f2 stipulare un abbonamento, il cui costo \u00e8 composto da una tassa base annuale di <b>CHF 400<\/b> (IVA esclusa) e da un montante variabile per un pacchetto di estratti relativi ad un fondo o ad una quota di PPP.<\/p>\n<p>La tabella seguente riassume il costo dei singoli pacchetti (100, 250, 500, 1000 o 3000 estratti) i quali non hanno scadenza e possono sempre essere riacquistati all\u2019esaurimento.<\/p>\n<\/div><div class=\"fusion-image-element \" style=\"--awb-margin-top:0%;--awb-margin-right:10%;--awb-margin-bottom:5%;--awb-margin-left:10%;--awb-caption-title-font-family:var(--h2_typography-font-family);--awb-caption-title-font-weight:var(--h2_typography-font-weight);--awb-caption-title-font-style:var(--h2_typography-font-style);--awb-caption-title-size:var(--h2_typography-font-size);--awb-caption-title-transform:var(--h2_typography-text-transform);--awb-caption-title-line-height:var(--h2_typography-line-height);--awb-caption-title-letter-spacing:var(--h2_typography-letter-spacing);\"><span class=\" fusion-imageframe imageframe-none imageframe-2 hover-type-none\"><a href=\"https:\/\/www.geoticino.ch\/wp-content\/uploads\/2023\/02\/costo_abbonamento.jpg\" class=\"fusion-lightbox\" data-rel=\"iLightbox[b61e0a75990ca4555ac]\" data-title=\"costo_abbonamento\" title=\"costo_abbonamento\"><img decoding=\"async\" width=\"1000\" height=\"587\" src=\"https:\/\/www.geoticino.ch\/wp-content\/uploads\/2023\/02\/costo_abbonamento.jpg\" alt class=\"img-responsive wp-image-528\"\/><\/a><\/span><\/div><div class=\"fusion-text fusion-text-4\"><p>In mancanza di una disdetta scritta entro un mese dalla scadenza, l\u2019abbonamento viene rinnovato automaticamente ogni anno.<br \/>\nPer richiedere un abbonamento \u00e8 necessario compilare il formulario\u00a0<a href=\"https:\/\/www.geoticino.ch\/geoticinoOrders\/user\/uiUser.jsp?type=user&amp;action=insert\">Nuovo Utente<\/a>, successivamente verrete contattati da geoticino SA per l\u2019attivazione e le modalit\u00e0 di fatturazione.<\/p>\n<\/div><\/div><\/div><\/div><\/div><div class=\"fusion-fullwidth fullwidth-box fusion-builder-row-2 fusion-flex-container has-pattern-background has-mask-background nonhundred-percent-fullwidth non-hundred-percent-height-scrolling\" style=\"--awb-border-radius-top-left:0px;--awb-border-radius-top-right:0px;--awb-border-radius-bottom-right:0px;--awb-border-radius-bottom-left:0px;--awb-flex-wrap:wrap;\" ><div class=\"fusion-builder-row fusion-row fusion-flex-align-items-flex-start fusion-flex-content-wrap\" style=\"max-width:1144px;margin-left: calc(-4% \/ 2 );margin-right: calc(-4% \/ 2 );\"><div class=\"fusion-layout-column fusion_builder_column fusion-builder-column-3 fusion_builder_column_1_1 1_1 fusion-flex-column\" style=\"--awb-bg-size:cover;--awb-width-large:100%;--awb-margin-top-large:0px;--awb-spacing-right-large:1.92%;--awb-margin-bottom-large:20px;--awb-spacing-left-large:1.92%;--awb-width-medium:100%;--awb-order-medium:0;--awb-spacing-right-medium:1.92%;--awb-spacing-left-medium:1.92%;--awb-width-small:100%;--awb-order-small:0;--awb-spacing-right-small:1.92%;--awb-spacing-left-small:1.92%;\"><div class=\"fusion-column-wrapper fusion-column-has-shadow fusion-flex-justify-content-flex-start fusion-content-layout-column\"><div class=\"fusion-text fusion-text-5\"><p><strong>NOTA BENE<\/strong><br \/><span style=\"text-decoration: underline;\"><strong>geoticino SA rende attenda la clientela che\u00a0le informazioni fornite nei registri non hanno alcuna valenza giuridica e qualora fossero necessarie in forma ufficiale, esse vanno richieste al competente Ufficio del Registro Fondiario. Altres\u00ec, le informazioni contenute nei registri non sono aggiornate in tempo reale, ma hanno un grado di aggiornamento variabile da 30 a 90 giorni. geoticino SA precisa inoltre che, conformemente alla legislazione in vigore ed a tutela della privacy, il sistema non consente la ricerca sistematica di tutti i fondi appartenenti ad un determinato proprietario.<\/strong><\/span><\/p>\n<\/div><\/div><\/div><\/div><\/div><\/p>\n","protected":false},"excerpt":{"rendered":"","protected":false},"author":2,"featured_media":0,"parent":0,"menu_order":0,"comment_status":"closed","ping_status":"closed","template":"","meta":{"footnotes":""},"class_list":["post-4","page","type-page","status-publish","hentry"],"_links":{"self":[{"href":"https:\/\/www.geoticino.ch\/index.php?rest_route=\/wp\/v2\/pages\/4","targetHints":{"allow":["GET"]}}],"collection":[{"href":"https:\/\/www.geoticino.ch\/index.php?rest_route=\/wp\/v2\/pages"}],"about":[{"href":"https:\/\/www.geoticino.ch\/index.php?rest_route=\/wp\/v2\/types\/page"}],"author":[{"embeddable":true,"href":"https:\/\/www.geoticino.ch\/index.php?rest_route=\/wp\/v2\/users\/2"}],"replies":[{"embeddable":true,"href":"https:\/\/www.geoticino.ch\/index.php?rest_route=%2Fwp%2Fv2%2Fcomments&post=4"}],"version-history":[{"count":5,"href":"https:\/\/www.geoticino.ch\/index.php?rest_route=\/wp\/v2\/pages\/4\/revisions"}],"predecessor-version":[{"id":530,"href":"https:\/\/www.geoticino.ch\/index.php?rest_route=\/wp\/v2\/pages\/4\/revisions\/530"}],"wp:attachment":[{"href":"https:\/\/www.geoticino.ch\/index.php?rest_route=%2Fwp%2Fv2%2Fmedia&parent=4"}],"curies":[{"name":"wp","href":"https:\/\/api.w.org\/{rel}","templated":true}]}}