{"id":45,"date":"2017-03-01T09:10:41","date_gmt":"2017-03-01T09:10:41","guid":{"rendered":"https:\/\/www.geoticino.ch\/newSite\/wordpress\/?page_id=45"},"modified":"2020-05-02T07:24:08","modified_gmt":"2020-05-02T07:24:08","slug":"condizioni-generali","status":"publish","type":"page","link":"https:\/\/www.geoticino.ch\/?page_id=45","title":{"rendered":"Condizioni generali"},"content":{"rendered":"<div class=\"fusion-fullwidth fullwidth-box fusion-builder-row-1 nonhundred-percent-fullwidth non-hundred-percent-height-scrolling\" style=\"--awb-border-radius-top-left:0px;--awb-border-radius-top-right:0px;--awb-border-radius-bottom-right:0px;--awb-border-radius-bottom-left:0px;--awb-padding-top:20px;--awb-padding-bottom:20px;--awb-flex-wrap:wrap;\" ><div class=\"fusion-builder-row fusion-row\"><div class=\"fusion-layout-column fusion_builder_column fusion-builder-column-0 fusion_builder_column_1_1 1_1 fusion-one-full fusion-column-first fusion-column-last\" style=\"--awb-bg-size:cover;\"><div class=\"fusion-column-wrapper fusion-flex-column-wrapper-legacy\"><div class=\"fusion-text fusion-text-1\"><h2>Condizioni Generali (CG)<\/h2>\n<\/div><div class=\"fusion-clearfix\"><\/div><\/div><\/div><div class=\"fusion-layout-column fusion_builder_column fusion-builder-column-1 fusion_builder_column_1_2 1_2 fusion-one-half fusion-column-first\" style=\"--awb-bg-size:cover;width:50%;width:calc(50% - ( ( 4% ) * 0.5 ) );margin-right: 4%;\"><div class=\"fusion-column-wrapper fusion-flex-column-wrapper-legacy\"><div class=\"fusion-text fusion-text-2\"><p>La geoticino SA declina qualsiasi responsabilit\u00e0 per le informazioni consultabili su o tramite geoticino.ch, in particolare la geoticino SA non \u00e8 responsabile per eventuali informazioni non complete o inesatte. Ad ogni modo la geoticino SA si adopera assiduamente affinch\u00e9 possa presentare dati sempre aggiornati e corretti.<\/p>\n<p>Le seguenti Condizioni Generali (CG) disciplinano i rapporti giuridici tra la geoticino SA da un lato ed i richiedenti di servizi dall\u2019altro. Le CG sono completate dalla \u201cDisposizione di utilizzo e Responsabilit\u00e0\u201d e dalla \u201cProtezione dei dati\u201d.<\/p>\n<p><strong>1. Offerta di prestazioni<\/strong><br \/>\nIl sito geoticino.ch, di carattere unicamente commerciale, mette a disposizione degli utenti informazioni e contenuti ad uso proprio, sulle propriet\u00e0 immobiliari (registro dei fondi e mappa catastale) del Canton Ticino.<\/p>\n<p>\u00c8 vietato qualsiasi riutilizzo, in particolare la ripubblicazione o la messa a disposizione per terzi di queste informazioni, in special modo di quelle a pagamento.<\/p>\n<p><strong>2. Accesso all\u2019offerta di prestazioni<\/strong><br \/>\nLe prestazioni a pagamento offerte dal sito geoticino.ch sono esclusivamente accessibili dopo un\u2019identificazione dell\u2019interessato e il pagamento dell\u2019onorario richiesto per la prestazione.<\/p>\n<p>Ai clienti abituali viene rilasciata una chiave d\u2019accesso (password). La chiave d\u2019accesso (password) deve essere conservata in modo da non concedere l\u2019uso abusivo di terzi o da parte di persone non autorizzate. La richiesta di modifica della password rimane di competenza dell\u2019utente che ne fa richiesta scritta o mediante documento con firma elettronica.<\/p>\n<p>Ogni tipo di onere relativo all\u2019uso abusivo della propria identificazione (password) o di ogni altro accesso ai dati da parte di terzi, rimane a carico dell\u2019utente.<\/p>\n<p><strong>3. Esclusione della responsabilit\u00e0<\/strong><br \/>\nLa geoticino SA non pu\u00f2 essere ritenuta responsabile per eventuali differenze, errori o imprecisioni riportate nella documentazione rilasciata. Gli unici documenti ufficiali e probanti (o comprovanti) devono essere ritenuti quelli rilasciati dall\u2019Ufficio del registro fondiario rispettivamente dal geometra revisore del luogo di competenza del bene immobile.<\/p>\n<p>La geoticino SA si impegna a mantenere ed aggiornare il sito geoticino.ch (compresi canali di contatto e di fornitura dati) secondo i pi\u00f9 aggiornati standard di sicurezza; in ogni caso la geoticino SA non pu\u00f2 essere ritenuta responsabile per eventuali danni agli utenti derivanti dall\u2019uso di internet. Parimenti la geoticino SA non pu\u00f2 essere ritenuta responsabile per carenze di trasmissione di dati derivanti da problemi di linea o della qualit\u00e0 nella ricezione delle informazioni per carenza di software o hardware dell\u2019utente.<\/p>\n<\/div><div class=\"fusion-clearfix\"><\/div><\/div><\/div><div class=\"fusion-layout-column fusion_builder_column fusion-builder-column-2 fusion_builder_column_1_2 1_2 fusion-one-half fusion-column-last\" style=\"--awb-bg-size:cover;width:50%;width:calc(50% - ( ( 4% ) * 0.5 ) );\"><div class=\"fusion-column-wrapper fusion-flex-column-wrapper-legacy\"><div class=\"fusion-text fusion-text-3\"><p>La geoticino SA, nel limite del possibile, provvede ad aggiornare la struttura e le informazioni durante gli orari notturni ed i fine settimana. Tuttavia la stessa non pu\u00f2 essere responsabilizzata per delle interruzioni di forza maggiore o tendenti a garantire la protezione dei dati o la funzionalit\u00e0 dello stesso.<\/p>\n<p>La geoticino SA\u00a0non risponde delle conseguenze di disturbo, ritardi, interruzioni o altre carenze nel rilascio e nella trasmissione delle informazioni a meno che non si sia resa colpevole di colpa grave.<\/p>\n<p><strong>4. Diritti riservati<br \/>\n<\/strong>La geoticino SA si riserva il diritto di annullare l&#8217;account di utenti qualora sussistano fondati dubbi sia sulla legittimit\u00e0 sia sull\u2019uso delle informazioni che vengono trasmesse.<\/p>\n<p>La geoticino SA\u00a0si riserva, inoltre, di modificare, integrare o apportare delle modifiche al proprio sito web in qualsiasi momento e senza preavvisare agli utenti, garantendo tuttavia la reperibilit\u00e0 delle informazioni.<\/p>\n<p><strong>5. Limitazioni<br \/>\n<\/strong>La geoticino SA e le societ\u00e0 esterne a cui vengono affidate le attivit\u00e0 esecutive, promuovono la loro attivit\u00e0 con livelli di sicurezza massima. L\u2019utente deve provvedere affinch\u00e9 le difese contro gli abusi siano di carattere attivo, costanti e aggiornate.<\/p>\n<p>In particolare si richiede che:<br \/>\n\u2022 l\u2019utente lavori unicamente con software provenienti dal produttore e per il tramite di rivenditori autorizzati<br \/>\n\u2022 l\u2019utente si protegga adeguatamente da virus o altri attacchi esterni<br \/>\n\u2022 l\u2019utente si garantisca contro l\u2019accesso di terzi al proprio sistema<\/p>\n<p><strong>6. Norme<br \/>\n<\/strong>Il rilascio delle informazioni e della documentazione rispetta le leggi attualmente in vigore nel territorio Svizzero ed in particolare del Canton Ticino.<\/p>\n<p><strong>7. Tasse<br \/>\n<\/strong>Le tariffe sono soggette alle imposte sul valore aggiunto (IVA) al tasso in vigore durante il periodo di rilascio. La societ\u00e0 rilascia regolare fattura che ne consente, a chi \u00e8 abilitato, il recupero dell\u2019imposta citata.<\/p>\n<\/div><div class=\"fusion-clearfix\"><\/div><\/div><\/div><\/div><\/div>\n","protected":false},"excerpt":{"rendered":"","protected":false},"author":2,"featured_media":0,"parent":0,"menu_order":0,"comment_status":"closed","ping_status":"closed","template":"","meta":{"footnotes":""},"class_list":["post-45","page","type-page","status-publish","hentry"],"_links":{"self":[{"href":"https:\/\/www.geoticino.ch\/index.php?rest_route=\/wp\/v2\/pages\/45","targetHints":{"allow":["GET"]}}],"collection":[{"href":"https:\/\/www.geoticino.ch\/index.php?rest_route=\/wp\/v2\/pages"}],"about":[{"href":"https:\/\/www.geoticino.ch\/index.php?rest_route=\/wp\/v2\/types\/page"}],"author":[{"embeddable":true,"href":"https:\/\/www.geoticino.ch\/index.php?rest_route=\/wp\/v2\/users\/2"}],"replies":[{"embeddable":true,"href":"https:\/\/www.geoticino.ch\/index.php?rest_route=%2Fwp%2Fv2%2Fcomments&post=45"}],"version-history":[{"count":5,"href":"https:\/\/www.geoticino.ch\/index.php?rest_route=\/wp\/v2\/pages\/45\/revisions"}],"predecessor-version":[{"id":430,"href":"https:\/\/www.geoticino.ch\/index.php?rest_route=\/wp\/v2\/pages\/45\/revisions\/430"}],"wp:attachment":[{"href":"https:\/\/www.geoticino.ch\/index.php?rest_route=%2Fwp%2Fv2%2Fmedia&parent=45"}],"curies":[{"name":"wp","href":"https:\/\/api.w.org\/{rel}","templated":true}]}}